{"id":6405,"date":"2024-01-22T15:56:29","date_gmt":"2024-01-22T13:56:29","guid":{"rendered":"https:\/\/jmarinconsulting.com\/?page_id=6405"},"modified":"2024-05-13T20:06:59","modified_gmt":"2024-05-13T18:06:59","slug":"politica-de-cookies-2","status":"publish","type":"page","link":"https:\/\/jmarinconsulting.com\/ca\/politica-de-cookies-2\/","title":{"rendered":"Pol\u00edtica de Cookies"},"content":{"rendered":"<p>[et_pb_section fb_built=\u00bb1&#8243; custom_padding_last_edited=\u00bbon|phone\u00bb _builder_version=\u00bb4.21.0&#8243; _module_preset=\u00bbdefault\u00bb custom_padding=\u00bb200px||||false|false\u00bb custom_padding_tablet=\u00bb315px||||false|false\u00bb custom_padding_phone=\u00bb50px||||false|false\u00bb global_colors_info=\u00bb{}\u00bb][et_pb_row module_id=\u00bbcookies\u00bb _builder_version=\u00bb4.24.0&#8243; _module_preset=\u00bbdefault\u00bb width_tablet=\u00bb\u00bb width_phone=\u00bb90%\u00bb width_last_edited=\u00bbon|phone\u00bb custom_margin=\u00bb||||false|false\u00bb custom_padding=\u00bb0px||0px||false|false\u00bb border_color_top=\u00bb#004876&#8243; global_colors_info=\u00bb{}\u00bb][et_pb_column type=\u00bb4_4&#8243; _builder_version=\u00bb4.24.0&#8243; _module_preset=\u00bbdefault\u00bb custom_padding=\u00bb||||false|false\u00bb custom_padding_tablet=\u00bb120px||||false|false\u00bb custom_padding_phone=\u00bb0px||||false|false\u00bb custom_padding_last_edited=\u00bboff|desktop\u00bb global_colors_info=\u00bb{}\u00bb][et_pb_text _builder_version=\u00bb4.24.0&#8243; _module_preset=\u00bbdefault\u00bb text_font=\u00bbMuseo 500|||on|||||\u00bb text_text_color=\u00bb#004876&#8243; text_font_size=\u00bb35px\u00bb text_line_height=\u00bb1em\u00bb header_text_align=\u00bbcenter\u00bb module_alignment=\u00bbcenter\u00bb custom_margin=\u00bb||||false|false\u00bb custom_padding=\u00bb||||false|false\u00bb animation_style=\u00bbslide\u00bb animation_direction=\u00bbbottom\u00bb animation_duration=\u00bb2000ms\u00bb animation_intensity_slide=\u00bb5%\u00bb text_font_size_tablet=\u00bb35px\u00bb text_font_size_phone=\u00bb35px\u00bb text_font_size_last_edited=\u00bbon|phone\u00bb locked=\u00bboff\u00bb global_colors_info=\u00bb{}\u00bb]<\/p>\n<p>Pol\u00edtica de cookies<\/p>\n<div class=\"et_pb_module et_pb_text et_pb_text_0  et_pb_text_align_left et_pb_bg_layout_light\">\n<div class=\"et_pb_text_inner\">\n<div class=\"entry-content clear\" itemprop=\"text\"><\/div>\n<\/div>\n<\/div>\n<p>[\/et_pb_text][et_pb_text _builder_version=\u00bb4.25.1&#8243; _module_preset=\u00bbdefault\u00bb text_font=\u00bbMontserrat||||||||\u00bb text_text_color=\u00bb#000000&#8243; text_line_height=\u00bb1.4em\u00bb custom_margin=\u00bb45px||||false|false\u00bb hover_enabled=\u00bb0&#8243; locked=\u00bboff\u00bb global_colors_info=\u00bb{}\u00bb sticky_enabled=\u00bb0&#8243;]<\/p>\n<div class=\"Ptext\"><\/div>\n<div class=\"Ptext\">\n<h3>INFORMACI\u00d3N QUE RECOPILAMOS:<\/h3>\n<\/div>\n<div class=\"Ptext\">\n<p>Recopilamos y procesamos la siguiente informaci\u00f3n sobre usted:<\/p>\n<ul>\n<li>Nombre.<\/li>\n<li>Email.<\/li>\n<li>Informaci\u00f3n de pago (si la hubiera).<\/li>\n<\/ul>\n<p><strong>C\u00f3mo recopilamos su informaci\u00f3n: <\/strong><\/p>\n<p>Recopilamos\/recibimos informaci\u00f3n sobre usted de la siguiente manera:<\/p>\n<ul>\n<li>Cuando un usuario completa el formulario de registro.<\/li>\n<li>Env\u00eda informaci\u00f3n personal.<\/li>\n<li>Interact\u00faa con el sitio web.<\/li>\n<li>De fuentes p\u00fablicas.<\/li>\n<\/ul>\n<p><strong>C\u00f3mo usamos su informaci\u00f3n:<\/strong><\/p>\n<p>Usaremos la informaci\u00f3n que recopilamos sobre usted para los siguientes prop\u00f3sitos:<\/p>\n<ul>\n<li>Marketing o promoci\u00f3n.<\/li>\n<li>Crear una cuenta de usuario.<\/li>\n<li>Recopilaci\u00f3n de comentarios.<\/li>\n<li>Para cualquier otro prop\u00f3sito, le pediremos su consentimiento y s\u00f3lo para los fines que otorgue su consentimiento, a menos que se nos solicite lo contrario por ley.<\/li>\n<\/ul>\n<p><strong>C\u00f3mo compartimos su informaci\u00f3n:<\/strong><\/p>\n<p>No transferiremos su informaci\u00f3n personal a ning\u00fan tercero sin solicitar su consentimiento, excepto en las circunstancias limitadas que se describen a continuaci\u00f3n:<\/p>\n<p><em>Anal\u00edtica:<\/em><\/p>\n<p>Requerimos que dichos terceros usen la informaci\u00f3n personal que les transferimos s\u00f3lo para el prop\u00f3sito para el cual fue transferida y no la retengan por m\u00e1s tiempo del necesario para cumplir con dicho prop\u00f3sito.<\/p>\n<p>Tambi\u00e9n podemos divulgar su informaci\u00f3n personal para lo siguiente: (1) para cumplir con la ley, regulaci\u00f3n, orden judicial u otro proceso legal aplicable; (2) para hacer cumplir sus acuerdos con nosotros, incluida esta pol\u00edtica de privacidad; o (3) para responder a reclamos de que el uso del servicio viola los derechos de terceros. Si el servicio o nuestra empresa se fusiona o se adquiere por otra empresa, su informaci\u00f3n ser\u00e1 uno de los activos que se transferir\u00e1 tambi\u00e9n al nuevo propietario.<\/p>\n<p><em>Retenci\u00f3n de su informaci\u00f3n:<\/em><\/p>\n<p>Conservaremos su informaci\u00f3n personal con nosotros de 90 d\u00edas a 2 a\u00f1os despu\u00e9s de que los usuarios cancelen sus cuentas o durante el tiempo que la necesitemos para cumplir con los fines para los que se recopil\u00f3, como se detalla en esta pol\u00edtica de privacidad. Es posible que necesitemos conservar cierta informaci\u00f3n durante periodos m\u00e1s largos, como el mantenimiento de registros\/informes de acuerdo con la ley aplicable o por otras razones leg\u00edtimas, como el cumplimiento de los derechos legales, la prevenci\u00f3n del fraude, etc.<\/p>\n<p>Informaci\u00f3n an\u00f3nima residual e informaci\u00f3n agregada, ninguna de las cuales lo identifica (directa o indirectamente), puede almacenarse indefinidamente.<\/p>\n<p><em>Sus derechos:<\/em><\/p>\n<p>Dependiendo de la ley que se aplique, puede tener derecho a acceder y rectificar o borrar sus datos personales o recibir una copia, restringir u oponerse al procesamiento activo de los mismos, pedirnos que compartamos (aportemos) su informaci\u00f3n personal a otra entidad, retirar cualquier consentimiento que nos haya proporcionado para procesarla, presentar una queja ante una autoridad legal o cualquier otro derecho que pueda ser relevante seg\u00fan las leyes aplicables.<\/p>\n<p>Para ejercer estos derechos, puede escribirnos a: <a href=\"mailto:info@jmarinconsulting.com\">info@jmarinconsulting.com<\/a>. Responderemos a su solicitud de acuerdo con la ley aplicable.<\/p>\n<p>Puede optar por no recibir comunicaciones de marketing directo o la elaboraci\u00f3n de perfiles que realicemos con fines publicitarios escribi\u00e9ndonos a: <a href=\"mailto:info@jmarinconsulting.com\">info@jmarinconsulting.com<\/a>.<\/p>\n<p>Tenga en cuenta que si no nos permite recopilar o procesar la informaci\u00f3n personal requerida o retirar el consentimiento para procesar la misma para los fines requeridos, es posible que no pueda acceder o utilizar los servicios para los que se solicit\u00f3 previamente su informaci\u00f3n.<\/p>\n<p><em>Cookies:<\/em><\/p>\n<p>Para obtener m\u00e1s informaci\u00f3n sobre c\u00f3mo usamos las cookies y sus opciones en relaci\u00f3n con estas tecnolog\u00edas de seguimiento, revise esta pol\u00edtica de cookies.<\/p>\n<p><em>Seguridad:<\/em><\/p>\n<p>La seguridad de su informaci\u00f3n es importante para nosotros y utilizaremos medidas razonables para evitar la p\u00e9rdida, mal uso o alteraci\u00f3n no autorizada de su informaci\u00f3n bajo nuestro control. Sin embargo, dados los riesgos inherentes, no podemos garantizar la seguridad absoluta y, en consecuencia, no podemos asegurar ni garantizar la seguridad de cualquier informaci\u00f3n que nos transmita.<\/p>\n<\/div>\n<p>[\/et_pb_text][\/et_pb_column][\/et_pb_row][\/et_pb_section]<\/p>\n","protected":false},"excerpt":{"rendered":"<p>Pol\u00edtica de cookies INFORMACI\u00d3N QUE RECOPILAMOS: Recopilamos y procesamos la siguiente informaci\u00f3n sobre usted: Nombre. Email. Informaci\u00f3n de pago (si la hubiera). C\u00f3mo recopilamos su informaci\u00f3n: Recopilamos\/recibimos informaci\u00f3n sobre usted de la siguiente manera: Cuando un usuario completa el formulario de registro. Env\u00eda informaci\u00f3n personal. Interact\u00faa con el sitio web. De fuentes p\u00fablicas. C\u00f3mo usamos su informaci\u00f3n: Usaremos la informaci\u00f3n que recopilamos sobre usted para los siguientes prop\u00f3sitos: Marketing o promoci\u00f3n. Crear una cuenta de usuario. Recopilaci\u00f3n de comentarios. Para cualquier otro prop\u00f3sito, le pediremos su consentimiento y s\u00f3lo para los fines que otorgue su consentimiento, a menos que se nos solicite lo contrario por ley. C\u00f3mo compartimos su informaci\u00f3n: No transferiremos su informaci\u00f3n personal a ning\u00fan tercero sin solicitar su consentimiento, excepto en las circunstancias limitadas que se describen a continuaci\u00f3n: Anal\u00edtica: Requerimos que dichos terceros usen la informaci\u00f3n personal que les transferimos s\u00f3lo para el prop\u00f3sito para el cual fue transferida y no la retengan por m\u00e1s tiempo del necesario para cumplir con dicho prop\u00f3sito. Tambi\u00e9n podemos divulgar su informaci\u00f3n personal para lo siguiente: (1) para cumplir con la ley, regulaci\u00f3n, orden judicial u otro proceso legal aplicable; (2) para hacer cumplir sus acuerdos con nosotros, incluida esta [&hellip;]<\/p>\n","protected":false},"author":1,"featured_media":0,"parent":0,"menu_order":0,"comment_status":"closed","ping_status":"closed","template":"","meta":{"_et_pb_use_builder":"on","_et_pb_old_content":"","_et_gb_content_width":"","_joinchat":[],"footnotes":""},"dipi_cpt_category":[],"class_list":["post-6405","page","type-page","status-publish","hentry"],"_links":{"self":[{"href":"https:\/\/jmarinconsulting.com\/ca\/wp-json\/wp\/v2\/pages\/6405","targetHints":{"allow":["GET"]}}],"collection":[{"href":"https:\/\/jmarinconsulting.com\/ca\/wp-json\/wp\/v2\/pages"}],"about":[{"href":"https:\/\/jmarinconsulting.com\/ca\/wp-json\/wp\/v2\/types\/page"}],"author":[{"embeddable":true,"href":"https:\/\/jmarinconsulting.com\/ca\/wp-json\/wp\/v2\/users\/1"}],"replies":[{"embeddable":true,"href":"https:\/\/jmarinconsulting.com\/ca\/wp-json\/wp\/v2\/comments?post=6405"}],"version-history":[{"count":0,"href":"https:\/\/jmarinconsulting.com\/ca\/wp-json\/wp\/v2\/pages\/6405\/revisions"}],"wp:attachment":[{"href":"https:\/\/jmarinconsulting.com\/ca\/wp-json\/wp\/v2\/media?parent=6405"}],"wp:term":[{"taxonomy":"dipi_cpt_category","embeddable":true,"href":"https:\/\/jmarinconsulting.com\/ca\/wp-json\/wp\/v2\/dipi_cpt_category?post=6405"}],"curies":[{"name":"wp","href":"https:\/\/api.w.org\/{rel}","templated":true}]}}