{"id":3430,"date":"2022-10-17T13:06:51","date_gmt":"2022-10-17T13:06:51","guid":{"rendered":"https:\/\/jmarinconsulting.com\/?page_id=3430"},"modified":"2025-09-04T19:49:07","modified_gmt":"2025-09-04T17:49:07","slug":"elconsultorio","status":"publish","type":"page","link":"https:\/\/jmarinconsulting.com\/es\/elconsultorio\/","title":{"rendered":"El Consultorio"},"content":{"rendered":"<p>[et_pb_section fb_built=\u00bb1&#8243; custom_padding_last_edited=\u00bbon|phone\u00bb _builder_version=\u00bb4.21.0&#8243; _module_preset=\u00bbdefault\u00bb background_image=\u00bbhttps:\/\/jmarinconsulting.com\/wp-content\/uploads\/2022\/10\/FONDO03.jpg\u00bb custom_padding=\u00bb200px||||false|false\u00bb custom_padding_tablet=\u00bb315px||||false|false\u00bb custom_padding_phone=\u00bb50px||||false|false\u00bb locked=\u00bboff\u00bb global_colors_info=\u00bb{}\u00bb][et_pb_row use_custom_gutter=\u00bbon\u00bb gutter_width=\u00bb1&#8243; make_equal=\u00bbon\u00bb _builder_version=\u00bb4.18.0&#8243; _module_preset=\u00bbdefault\u00bb module_alignment=\u00bbcenter\u00bb global_colors_info=\u00bb{}\u00bb][et_pb_column type=\u00bb4_4&#8243; _builder_version=\u00bb4.18.0&#8243; _module_preset=\u00bbdefault\u00bb global_colors_info=\u00bb{}\u00bb][et_pb_text _builder_version=\u00bb4.19.4&#8243; _module_preset=\u00bbdefault\u00bb text_font=\u00bbMuseo 700|600|||||||\u00bb text_text_color=\u00bb#FFFFFF\u00bb text_font_size=\u00bb38px\u00bb text_line_height=\u00bb1em\u00bb width=\u00bb100%\u00bb module_alignment=\u00bbcenter\u00bb custom_padding=\u00bb|||25px|false|false\u00bb animation_style=\u00bbslide\u00bb animation_direction=\u00bbleft\u00bb animation_duration=\u00bb2000ms\u00bb animation_intensity_slide=\u00bb5%\u00bb text_font_size_tablet=\u00bb38px\u00bb text_font_size_phone=\u00bb24px\u00bb text_font_size_last_edited=\u00bbon|phone\u00bb border_width_left=\u00bb4px\u00bb border_color_left=\u00bb#FFFFFF\u00bb global_colors_info=\u00bb{}\u00bb]<\/p>\n<p>El Consultorio<\/p>\n<p>[\/et_pb_text][et_pb_text _builder_version=\u00bb4.27.4&#8243; _module_preset=\u00bbdefault\u00bb text_font=\u00bbMuseo 300|100|||||||\u00bb text_text_color=\u00bb#FFFFFF\u00bb text_font_size=\u00bb20px\u00bb width=\u00bb90%\u00bb module_alignment=\u00bbleft\u00bb custom_margin=\u00bb30px||||false|false\u00bb hover_enabled=\u00bb0&#8243; text_font_size_tablet=\u00bb20px\u00bb text_font_size_phone=\u00bb16px\u00bb text_font_size_last_edited=\u00bbon|phone\u00bb locked=\u00bboff\u00bb global_colors_info=\u00bb{}\u00bb sticky_enabled=\u00bb0&#8243;]<\/p>\n<p style=\"text-align: left;\">Bienvenidos a <strong>El Consultorio<\/strong>, el blog de JMarin Consulting \u2013 Consultor\u00eda Financiera, donde encontrar\u00e9is art\u00edculos de tendencia y t\u00e9cnicas especializadas sobre: Direcci\u00f3n Financiera, Control de Gesti\u00f3n, Finanzas Corporativas, Management, Empresa, Tecnolog\u00edas Inteligentes e Inversiones.<\/p>\n<p>[\/et_pb_text][\/et_pb_column][\/et_pb_row][\/et_pb_section][et_pb_section fb_built=\u00bb1&#8243; _builder_version=\u00bb4.21.0&#8243; _module_preset=\u00bbdefault\u00bb background_color=\u00bb#EFEFF0&#8243; custom_margin=\u00bb||||false|false\u00bb custom_padding=\u00bb35px||||false|false\u00bb global_colors_info=\u00bb{}\u00bb][et_pb_row _builder_version=\u00bb4.18.0&#8243; _module_preset=\u00bbdefault\u00bb global_colors_info=\u00bb{}\u00bb][et_pb_column type=\u00bb4_4&#8243; _builder_version=\u00bb4.18.0&#8243; _module_preset=\u00bbdefault\u00bb global_colors_info=\u00bb{}\u00bb][et_pb_blog_extras use_category_filterable_blog=\u00bbon\u00bb posts_number=\u00bb50&#8243; filterable_category_background_color=\u00bb#004876&#8243; filterable_active_category_background_color=\u00bb#0080C9&#8243; blog_layout=\u00bbblock_extended\u00bb excerpt_length=\u00bb200&#8243; read_more_text=\u00bbLeer m\u00e1s\u00bb show_author=\u00bboff\u00bb show_date=\u00bboff\u00bb show_categories=\u00bboff\u00bb show_comments=\u00bboff\u00bb filterable_categories_custom_margin=\u00bb|36px|15px||false|false\u00bb animation=\u00bbright\u00bb filterable_active_category_background_color_last_edited=\u00bboff|phone\u00bb _builder_version=\u00bb4.23.4&#8243; _module_preset=\u00bbdefault\u00bb filterable_category_text_color=\u00bb#FFFFFF\u00bb active_filterable_category_text_color=\u00bb#FFFFFF\u00bb header_font=\u00bb|700|||||||\u00bb header_text_align=\u00bbleft\u00bb header_text_color=\u00bb#004876&#8243; header_font_size=\u00bb17px\u00bb body_text_align=\u00bbleft\u00bb body_text_color=\u00bb#565656&#8243; animation_style=\u00bbfade\u00bb active_filterable_category_font_tablet=\u00bb|700|||||||\u00bb active_filterable_category_font_phone=\u00bb|700|||||||\u00bb active_filterable_category_font_last_edited=\u00bbon|tablet\u00bb active_filterable_category_text_color_tablet=\u00bb#004876&#8243; active_filterable_category_text_color_phone=\u00bb#004876&#8243; active_filterable_category_text_color_last_edited=\u00bbon|phone\u00bb read_more_alignment_phone=\u00bbcenter\u00bb read_more_alignment_last_edited=\u00bboff|phone\u00bb border_color_all=\u00bbRGBA(255,255,255,0)\u00bb box_shadow_style=\u00bbpreset3&#8243; box_shadow_color=\u00bbrgba(0,0,0,0.09)\u00bb global_colors_info=\u00bb{}\u00bb filterable_category_background_color__hover_enabled=\u00bbon|hover\u00bb filterable_category_background_color__hover=\u00bb#0080C9&#8243; filterable_category_background_enable_color__hover=\u00bbon\u00bb][\/et_pb_blog_extras][\/et_pb_column][\/et_pb_row][\/et_pb_section][et_pb_section fb_built=\u00bb1&#8243; _builder_version=\u00bb4.24.0&#8243; _module_preset=\u00bbdefault\u00bb custom_padding=\u00bb20px||20px||true|false\u00bb border_width_all=\u00bb1px\u00bb border_color_all=\u00bb#EFEFF0&#8243; global_module=\u00bb3500&#8243; saved_tabs=\u00bball\u00bb locked=\u00bboff\u00bb global_colors_info=\u00bb{}\u00bb][et_pb_row _builder_version=\u00bb4.18.0&#8243; _module_preset=\u00bbdefault\u00bb global_colors_info=\u00bb{}\u00bb][et_pb_column type=\u00bb4_4&#8243; _builder_version=\u00bb4.18.0&#8243; _module_preset=\u00bbdefault\u00bb global_colors_info=\u00bb{}\u00bb][et_pb_text _builder_version=\u00bb4.27.4&#8243; _module_preset=\u00bbdefault\u00bb text_font=\u00bbMuseo 700||||||||\u00bb text_text_color=\u00bb#004876&#8243; text_font_size=\u00bb25px\u00bb text_orientation=\u00bbcenter\u00bb module_alignment=\u00bbcenter\u00bb animation_style=\u00bbslide\u00bb animation_direction=\u00bbbottom\u00bb animation_duration=\u00bb2000ms\u00bb animation_intensity_slide=\u00bb5%\u00bb text_font_tablet=\u00bb\u00bb text_font_phone=\u00bbMuseo 700||||||||\u00bb text_font_last_edited=\u00bbon|phone\u00bb text_font_size_tablet=\u00bb\u00bb text_font_size_phone=\u00bb25px\u00bb text_font_size_last_edited=\u00bbon|phone\u00bb text_line_height_tablet=\u00bb\u00bb text_line_height_phone=\u00bb1.1em\u00bb text_line_height_last_edited=\u00bbon|phone\u00bb locked=\u00bboff\u00bb global_colors_info=\u00bb{}\u00bb]<\/p>\n<p style=\"text-align: center;\">CONOZCA A NUESTROS PARTNERS ESTRAT\u00c9GICOS<\/p>\n<p>[\/et_pb_text][\/et_pb_column][\/et_pb_row][\/et_pb_section][et_pb_section fb_built=\u00bb1&#8243; _builder_version=\u00bb4.18.0&#8243; _module_preset=\u00bbdefault\u00bb background_color=\u00bb#efeff0&#8243; custom_margin=\u00bb0px||0px||false|false\u00bb custom_padding=\u00bb0px||0px||false|false\u00bb global_module=\u00bb4169&#8243; saved_tabs=\u00bball\u00bb locked=\u00bboff\u00bb global_colors_info=\u00bb{}\u00bb][et_pb_row _builder_version=\u00bb4.19.4&#8243; _module_preset=\u00bbdefault\u00bb custom_padding=\u00bb20px||20px||true|false\u00bb global_colors_info=\u00bb{}\u00bb][et_pb_column type=\u00bb4_4&#8243; _builder_version=\u00bb4.18.0&#8243; _module_preset=\u00bbdefault\u00bb global_colors_info=\u00bb{}\u00bb][dipi_carousel columns=\u00bb3&#8243; autoplay_wide=\u00bbon\u00bb show_lightbox=\u00bboff\u00bb navigation=\u00bbon\u00bb navigation_prev_icon_yn=\u00bbon\u00bb navigation_prev_icon=\u00bb&#x34;||divi||400&#8243; navigation_next_icon_yn=\u00bbon\u00bb navigation_next_icon=\u00bb&#x35;||divi||400&#8243; navigation_size=\u00bb58&#8243; navigation_color=\u00bb#004876&#8243; navigation_bg_color=\u00bbRGBA(255,255,255,0)\u00bb columns_tablet=\u00bb\u00bb columns_phone=\u00bb1&#8243; columns_last_edited=\u00bbon|phone\u00bb navigation_size_tablet=\u00bb\u00bb navigation_size_phone=\u00bb35&#8243; navigation_size_last_edited=\u00bbon|phone\u00bb navigation_position_left_tablet=\u00bb\u00bb navigation_position_left_phone=\u00bb-50px\u00bb navigation_position_left_last_edited=\u00bbon|phone\u00bb navigation_position_right_tablet=\u00bb\u00bb navigation_position_right_phone=\u00bb-50px\u00bb navigation_position_right_last_edited=\u00bbon|phone\u00bb _builder_version=\u00bb4.27.4&#8243; _module_preset=\u00bbdefault\u00bb title_font=\u00bbMuseo 900||||||||\u00bb title_text_color=\u00bb#004876&#8243; title_font_size=\u00bb19px\u00bb desc_font=\u00bbMontserrat||||||||\u00bb desc_text_color=\u00bb#000000&#8243; desc_font_size=\u00bb16px\u00bb desc_line_height=\u00bb1em\u00bb width=\u00bb75%\u00bb width_tablet=\u00bb\u00bb width_phone=\u00bb80%\u00bb width_last_edited=\u00bbon|phone\u00bb module_alignment=\u00bbcenter\u00bb global_colors_info=\u00bb{}\u00bb][dipi_carousel_child label=\u00bbEsofitec Solutions\u00bb img_src=\u00bbhttps:\/\/jmarinconsulting.com\/wp-content\/uploads\/2022\/10\/LOGOE.jpg\u00bb title_text=\u00bbEsofitec Solutions\u00bb desc_text=\u00bb<\/p>\n<p style=%22text-align: center;%22>Tecnolog\u00eda de gesti\u00f3n empresarial<\/p>\n<p>\u00bb img_width=\u00bb80%\u00bb _builder_version=\u00bb4.24.0&#8243; _module_preset=\u00bbdefault\u00bb link_option_url=\u00bbhttps:\/\/www.esofitec.com\/\u00bb link_option_url_new_window=\u00bbon\u00bb global_colors_info=\u00bb{}\u00bb][\/dipi_carousel_child][dipi_carousel_child label=\u00bbFactor Comercial\u00bb img_src=\u00bbhttps:\/\/jmarinconsulting.com\/wp-content\/uploads\/2022\/11\/factor-logo.jpg\u00bb title_text=\u00bbFactor Comercial\u00bb desc_text=\u00bb<\/p>\n<p style=%22text-align: center;%22>Branding, publicidad y comunicaci\u00f3n<\/p>\n<p>\u00bb img_width=\u00bb80%\u00bb _builder_version=\u00bb4.21.0&#8243; _module_preset=\u00bbdefault\u00bb link_option_url=\u00bbhttps:\/\/factor360.es\/\u00bb link_option_url_new_window=\u00bbon\u00bb global_colors_info=\u00bb{}\u00bb][\/dipi_carousel_child][dipi_carousel_child label=\u00bbSafeBrok Europe\u00bb img_src=\u00bbhttps:\/\/jmarinconsulting.com\/wp-content\/uploads\/2022\/10\/LOGOSAFEBROK.jpg\u00bb title_text=\u00bbSafeBrok Europe\u00bb desc_text=\u00bb<\/p>\n<p style=%22text-align: center;%22>Gesti\u00f3n patrimonial privada<\/p>\n<p>\u00bb img_width=\u00bb80%\u00bb _builder_version=\u00bb4.24.0&#8243; _module_preset=\u00bbdefault\u00bb link_option_url=\u00bbhttps:\/\/safebrokeurope.com\/\u00bb link_option_url_new_window=\u00bbon\u00bb global_colors_info=\u00bb{}\u00bb][\/dipi_carousel_child][dipi_carousel_child label=\u00bbEsofitec Solutions\u00bb img_src=\u00bbhttps:\/\/jmarinconsulting.com\/wp-content\/uploads\/2022\/10\/LOGOE.jpg\u00bb title_text=\u00bbEsofitec Solutions\u00bb desc_text=\u00bb<\/p>\n<p style=%22text-align: center;%22>Tecnolog\u00eda de gesti\u00f3n empresarial<\/p>\n<p>\u00bb img_width=\u00bb80%\u00bb _builder_version=\u00bb4.24.0&#8243; _module_preset=\u00bbdefault\u00bb link_option_url=\u00bbhttps:\/\/www.esofitec.com\/\u00bb link_option_url_new_window=\u00bbon\u00bb global_colors_info=\u00bb{}\u00bb][\/dipi_carousel_child][dipi_carousel_child label=\u00bbFactor Comercial\u00bb img_src=\u00bbhttps:\/\/jmarinconsulting.com\/wp-content\/uploads\/2022\/11\/factor-logo.jpg\u00bb title_text=\u00bbFactor Comercial\u00bb desc_text=\u00bb<\/p>\n<p style=%22text-align: center;%22>Branding, publicidad y comunicaci\u00f3n<\/p>\n<p>\u00bb img_width=\u00bb80%\u00bb _builder_version=\u00bb4.21.0&#8243; _module_preset=\u00bbdefault\u00bb link_option_url=\u00bbhttps:\/\/factor360.es\/\u00bb link_option_url_new_window=\u00bbon\u00bb global_colors_info=\u00bb{}\u00bb][\/dipi_carousel_child][dipi_carousel_child label=\u00bbSafeBrok Europe\u00bb img_src=\u00bbhttps:\/\/jmarinconsulting.com\/wp-content\/uploads\/2022\/10\/LOGOSAFEBROK.jpg\u00bb title_text=\u00bbSafeBrok Europe\u00bb desc_text=\u00bb<\/p>\n<p style=%22text-align: center;%22>Gesti\u00f3n patrimonial privada<\/p>\n<p>\u00bb img_width=\u00bb80%\u00bb _builder_version=\u00bb4.24.0&#8243; _module_preset=\u00bbdefault\u00bb link_option_url=\u00bbhttps:\/\/safebrokeurope.com\/\u00bb link_option_url_new_window=\u00bbon\u00bb global_colors_info=\u00bb{}\u00bb][\/dipi_carousel_child][\/dipi_carousel][\/et_pb_column][\/et_pb_row][\/et_pb_section]<\/p>\n","protected":false},"excerpt":{"rendered":"<p>Bienvenidos a El Consultorio, el blog de JMarin Consulting \u2013 Consultor\u00eda Financiera, donde encontrar\u00e9is art\u00edculos de tendencia y t\u00e9cnicas especializadas sobre: Direcci\u00f3n Financiera, Control de Gesti\u00f3n, Finanzas Corporativas, Management, Empresa, Tecnolog\u00edas Inteligentes e Inversiones.<\/p>\n","protected":false},"author":1,"featured_media":0,"parent":0,"menu_order":0,"comment_status":"closed","ping_status":"closed","template":"","meta":{"_et_pb_use_builder":"on","_et_pb_old_content":"","_et_gb_content_width":"","_joinchat":[],"footnotes":""},"dipi_cpt_category":[],"class_list":["post-3430","page","type-page","status-publish","hentry"],"_links":{"self":[{"href":"https:\/\/jmarinconsulting.com\/es\/wp-json\/wp\/v2\/pages\/3430","targetHints":{"allow":["GET"]}}],"collection":[{"href":"https:\/\/jmarinconsulting.com\/es\/wp-json\/wp\/v2\/pages"}],"about":[{"href":"https:\/\/jmarinconsulting.com\/es\/wp-json\/wp\/v2\/types\/page"}],"author":[{"embeddable":true,"href":"https:\/\/jmarinconsulting.com\/es\/wp-json\/wp\/v2\/users\/1"}],"replies":[{"embeddable":true,"href":"https:\/\/jmarinconsulting.com\/es\/wp-json\/wp\/v2\/comments?post=3430"}],"version-history":[{"count":3,"href":"https:\/\/jmarinconsulting.com\/es\/wp-json\/wp\/v2\/pages\/3430\/revisions"}],"predecessor-version":[{"id":8716,"href":"https:\/\/jmarinconsulting.com\/es\/wp-json\/wp\/v2\/pages\/3430\/revisions\/8716"}],"wp:attachment":[{"href":"https:\/\/jmarinconsulting.com\/es\/wp-json\/wp\/v2\/media?parent=3430"}],"wp:term":[{"taxonomy":"dipi_cpt_category","embeddable":true,"href":"https:\/\/jmarinconsulting.com\/es\/wp-json\/wp\/v2\/dipi_cpt_category?post=3430"}],"curies":[{"name":"wp","href":"https:\/\/api.w.org\/{rel}","templated":true}]}}